{"id":179,"date":"2021-11-22T15:06:24","date_gmt":"2021-11-22T15:06:24","guid":{"rendered":"https:\/\/kolser.com\/politica-de-privacidad\/"},"modified":"2025-07-01T11:18:02","modified_gmt":"2025-07-01T09:18:02","slug":"politica-de-privacidad","status":"publish","type":"page","link":"https:\/\/kolser.com\/de\/politica-de-privacidad\/","title":{"rendered":"Datenschutzerkl\u00e4rung"},"content":{"rendered":"<p class=\"translation-block\">Der Inhaber informiert Sie \u00fcber seine Datenschutzerkl\u00e4rung in Bezug auf die Verarbeitung und den Schutz personenbezogener Daten von Nutzern und Kunden, die beim Surfen, beim Kauf eines Produkts oder bei der Beauftragung einer Dienstleistung \u00fcber die Website erfasst werden k\u00f6nnen: https:\/\/kolser.com<\/p>\n\n\n\n<p>In diesem Zusammenhang garantiert der Inhaber die Einhaltung der geltenden Vorschriften zum Schutz personenbezogener Daten, wie sie im Organgesetz 3\/2018 vom 5. Dezember \u00fcber den Schutz personenbezogener Daten und die Gew\u00e4hrleistung digitaler Rechte (LOPD GDD) festgelegt sind. Ebenso erf\u00fcllt er die Bestimmungen der Verordnung (EU) 2016\/679 des Europ\u00e4ischen Parlaments und des Rates vom 27. April 2016 zum Schutz nat\u00fcrlicher Personen (DSGVO).<\/p>\n\n\n\n<p class=\"translation-block\">Die Nutzung der Website setzt die Annahme dieser Datenschutzerkl\u00e4rung sowie der im Impressum <a href=\"https:\/\/kolser.com\/de\/aviso-legal\/\" target=\"_self\">enthaltenen Bedingungen<\/a> voraus.<\/p>\n\n\n\n<h2 class=\"wp-block-heading\">Identit\u00e4t des Verantwortlichen<\/h2>\n\n\n\n<ul class=\"wp-block-list\">\n<li><strong>Verantwortlicher:<\/strong>&nbsp; Kolser SL.<\/li>\n\n\n\n<li><strong>CIF:<\/strong>&nbsp;B07108970<\/li>\n\n\n\n<li><strong>Umsatzsteuer-Identifikationsnummer<\/strong>: ESB07108970<\/li>\n\n\n\n<li><strong>Anschrift:<\/strong>&nbsp; TRECADORS, 2 07750 FERRERIES., Baleares &#8211; Espa\u00f1a.<\/li>\n\n\n\n<li><strong>E-mail:<\/strong>&nbsp; marketing@kolser.com<\/li>\n\n\n\n<li><strong>Website:<\/strong>&nbsp;&nbsp;<a href=\"https:\/\/kolser.com\/de\/politica-de-privacidad\/\">https:\/\/kolser.com<\/a><\/li>\n<\/ul>\n\n\n\n<h2 class=\"wp-block-heading\">Grunds\u00e4tze der Datenverarbeitung<\/h2>\n\n\n\n<p>Bei der Verarbeitung Ihrer personenbezogenen Daten wendet der Inhaber die folgenden Grunds\u00e4tze an, die den Anforderungen der neuen europ\u00e4ischen Datenschutz-Grundverordnung (DSGVO) entsprechen:<\/p>\n\n\n\n<ul class=\"wp-block-list\">\n<li>Grundsatz der Rechtm\u00e4\u00dfigkeit, Verarbeitung nach Treu und Glauben und Transparenz: Der Inhaber holt stets die Einwilligung f\u00fcr die Verarbeitung personenbezogener Daten ein, die f\u00fcr einen oder mehrere bestimmte Zwecke erfolgen kann. Der Inhaber informiert den Nutzer im Vorfeld mit vollst\u00e4ndiger Transparenz \u00fcber diese Zwecke.<\/li>\n\n\n\n<li>Grundsatz der Datenminimierung: Der Inhaber erhebt nur die f\u00fcr den jeweiligen Zweck unbedingt erforderlichen Daten.<\/li>\n\n\n\n<li class=\"translation-block\">Grundsatz der Speicherbegrenzung: Der Inhaber bewahrt personenbezogene Daten nur so lange auf, wie es f\u00fcr den Zweck oder die Zwecke der Verarbeitung unbedingt erforderlich ist. Der Inhaber informiert den Nutzer \u00fcber die jeweilige Aufbewahrungsdauer entsprechend dem Zweck. <br>Bei Abonnements \u00fcberpr\u00fcft der Inhaber die Listen regelm\u00e4\u00dfig und entfernt Datens\u00e4tze, die \u00fcber einen l\u00e4ngeren Zeitraum inaktiv waren.<\/li>\n\n\n\n<li class=\"translation-block\">Grundsatz der Integrit\u00e4t und Vertraulichkeit: Die erhobenen personenbezogenen Daten werden so verarbeitet, dass ihre Sicherheit, Vertraulichkeit und Integrit\u00e4t gew\u00e4hrleistet ist. <br>Der Inhaber trifft die notwendigen Vorkehrungen, um unbefugten Zugriff oder Missbrauch der Daten seiner Nutzer durch Dritte zu verhindern.<\/li>\n<\/ul>\n\n\n\n<h2 class=\"wp-block-heading\">Erhebung personenbezogener Daten<\/h2>\n\n\n\n<p>F\u00fcr das Navigieren auf der Website ist es nicht erforderlich, personenbezogene Daten anzugeben.<\/p>\n\n\n\n<p>Sie stellen Ihre personenbezogenen Daten in folgenden F\u00e4llen zur Verf\u00fcgung:<\/p>\n\n\n\n<ul class=\"wp-block-list\">\n<li>Beim Kauf eines Produkts oder der Beauftragung einer Dienstleistung.<\/li>\n\n\n\n<li>Beim Abonnieren eines Formulars oder Newsletters, das vom Inhaber \u00fcber Brevo verwaltet wird.<\/li>\n<\/ul>\n\n\n\n<h2 class=\"wp-block-heading\">Rechte<\/h2>\n\n\n\n<p>Der Inhaber informiert Sie dar\u00fcber, dass Sie in Bezug auf Ihre personenbezogenen Daten das Recht haben:<\/p>\n\n\n\n<ul class=\"wp-block-list\">\n<li>Zugriff auf die gespeicherten Daten zu beantragen.<\/li>\n\n\n\n<li>Die Berichtigung oder L\u00f6schung zu beantragen.<\/li>\n\n\n\n<li>Die Einschr\u00e4nkung der Verarbeitung zu beantragen.<\/li>\n\n\n\n<li>Der Verarbeitung zu widersprechen.<\/li>\n<\/ul>\n\n\n\n<p>Das Recht auf Daten\u00fcbertragbarkeit k\u00f6nnen Sie nicht aus\u00fcben.<\/p>\n\n\n\n<p>Die Aus\u00fcbung dieser Rechte ist pers\u00f6nlich und muss daher direkt vom Betroffenen selbst beantragt werden. Das bedeutet, dass jeder Kunde, Abonnent oder Mitarbeiter, der seine Daten zu einem bestimmten Zeitpunkt bereitgestellt hat, sich an den Inhaber wenden kann, um Auskunft \u00fcber die gespeicherten Daten und deren Herkunft zu erhalten, deren Berichtigung zu beantragen, der Verarbeitung zu widersprechen, die Nutzung einzuschr\u00e4nken oder die L\u00f6schung dieser Daten aus den Dateien des Inhabers zu verlangen.<\/p>\n\n\n\n<p>Zur Aus\u00fcbung Ihrer Rechte m\u00fcssen Sie Ihren Antrag zusammen mit einer Kopie Ihres Personalausweises oder eines gleichwertigen Dokuments an die folgende E-Mail-Adresse senden: marketing@kolser.com<\/p>\n\n\n\n<p>Die Aus\u00fcbung dieser Rechte umfasst nicht die Daten, die der Inhaber aus administrativen, gesetzlichen oder sicherheitsrelevanten Gr\u00fcnden aufbewahren muss.<\/p>\n\n\n\n<p>Sie haben das Recht auf effektiven gerichtlichen Rechtsschutz und das Recht, eine Beschwerde bei der Aufsichtsbeh\u00f6rde einzureichen, in diesem Fall bei der spanischen Datenschutzbeh\u00f6rde, wenn Sie der Ansicht sind, dass die Verarbeitung Ihrer personenbezogenen Daten gegen die Verordnung verst\u00f6\u00dft.<\/p>\n\n\n\n<h2 class=\"wp-block-heading\" id=\"finalidad-del-tratamiento-de-datos-personales\">Zweck der Verarbeitung personenbezogener Daten<\/h2>\n\n\n\n<p>Wenn Sie sich mit der Website verbinden, um dem Inhaber eine E-Mail zu senden, den Newsletter zu abonnieren oder ein Produkt oder eine Dienstleistung zu beauftragen, stellen Sie personenbezogene Daten zur Verf\u00fcgung, f\u00fcr die der Inhaber verantwortlich ist. Diese Informationen k\u00f6nnen personenbezogene Daten wie Ihre IP-Adresse, Ihren vollst\u00e4ndigen Namen, Ihre physische Adresse, Ihre E-Mail-Adresse, Ihre Telefonnummer und weitere Angaben umfassen. Mit der Bereitstellung dieser Informationen geben Sie Ihre Einwilligung, dass Ihre Daten von \u2014 Professional Hosting \u2014 ausschlie\u00dflich wie auf den folgenden Seiten beschrieben erhoben, verwendet, verwaltet und gespeichert werden:<\/p>\n\n\n\n<ul class=\"wp-block-list\">\n<li><a href=\"https:\/\/kolser.com\/de\/aviso-legal\/\">Rechtliche Hinweise<\/a><\/li>\n\n\n\n<li><a href=\"https:\/\/kolser.com\/de\/politica-de-privacidad\/\">Datenschutzerkl\u00e4rung<\/a><\/li>\n<\/ul>\n\n\n\n<p>Die personenbezogenen Daten und der Zweck der Verarbeitung durch den Inhaber unterscheiden sich je nach dem verwendeten Erfassungssystem:<\/p>\n\n\n\n<ul class=\"wp-block-list\">\n<li>Formulare zur Bestellung von Produkten oder Dienstleistungen: Der Inhaber verlangt personenbezogene Daten, darunter: vollst\u00e4ndiger Name, Ausweisdokument (Steuernummer, Ausl\u00e4nderidentifikationsnummer, Reisepass oder Aufenthaltserlaubnis), E-Mail-Adresse, Postanschrift, Telefonnummer und Zahlungsdaten (Zahlungsmethoden oder Bankdaten), um eine Gesch\u00e4ftsbeziehung mit dem Nutzer aufrechtzuerhalten, Bestellungen zu versenden, die beauftragten Dienstleistungen zu erbringen sowie die Abrechnung und den Einzug der bestellten Produkte oder Dienstleistungen vorzunehmen.<\/li>\n\n\n\n<li>Formulare zur Inhaltsabonnierung: Der Inhaber verlangt die folgenden personenbezogenen Daten: vollst\u00e4ndiger Name, E-Mail-Adresse, Telefonnummer und Website-Adresse, um die Abonnentenliste zu verwalten sowie Newsletter, Werbeaktionen und Sonderangebote zu versenden. Die dem Inhaber zur Verf\u00fcgung gestellten personenbezogenen Daten werden auf den Servern von Brevo gespeichert.<\/li>\n<\/ul>\n\n\n\n<p>Es gibt weitere Zwecke, f\u00fcr die der Inhaber personenbezogene Daten verarbeitet:<\/p>\n\n\n\n<ul class=\"wp-block-list\">\n<li>Zur Gew\u00e4hrleistung der Einhaltung der Bedingungen auf der Seite Impressum und des geltenden Rechts. Dies kann die Entwicklung von Tools und Algorithmen umfassen, die der Website helfen, die Vertraulichkeit der erfassten personenbezogenen Daten sicherzustellen.<\/li>\n\n\n\n<li>Zur Unterst\u00fctzung und Verbesserung der von dieser Website angebotenen Dienstleistungen.<\/li>\n\n\n\n<li class=\"translation-block\">Zur Analyse des Nutzerverhaltens beim Surfen. Der Inhaber erhebt weitere nicht identifizierende Daten, die durch die Verwendung von Cookies gewonnen werden, die beim Surfen auf der Website auf den Computer des Nutzers heruntergeladen werden. Die Eigenschaften und Zwecke dieser Cookies sind auf der Seite <a href=\"https:\/\/kolser.com\/de\/politica-de-cookies\/\" target=\"_self\">Cookie-Richtlinie<\/a> beschrieben.<\/li>\n<\/ul>\n\n\n\n<h2 class=\"wp-block-heading\">Sicherheit personenbezogener Daten<\/h2>\n\n\n\n<p>Zum Schutz Ihrer personenbezogenen Daten trifft der Inhaber alle angemessenen Vorsichtsma\u00dfnahmen und folgt den besten Praktiken der Branche, um Verlust, Missbrauch, unbefugten Zugriff, Offenlegung, Ver\u00e4nderung oder Zerst\u00f6rung zu verhindern.<\/p>\n\n\n\n<p>Die Website wird gehostet von: Professional Hosting. Die Datensicherheit ist gew\u00e4hrleistet, da alle notwendigen Sicherheitsma\u00dfnahmen getroffen werden. Sie k\u00f6nnen deren Datenschutzerkl\u00e4rung f\u00fcr weitere Informationen einsehen.<\/p>\n\n\n\n<p>Der Inhaber informiert den Nutzer, dass seine personenbezogenen Daten nicht an Dritte weitergegeben werden, es sei denn, eine solche Weitergabe ist gesetzlich vorgeschrieben oder die Erbringung eines Dienstes erfordert ein Vertragsverh\u00e4ltnis mit einem Auftragsverarbeiter. In diesem Fall erfolgt die Weitergabe der Daten an Dritte nur mit ausdr\u00fccklicher Zustimmung des Nutzers.<\/p>\n\n\n\n<p>In einigen F\u00e4llen k\u00f6nnen Kooperationen mit anderen Fachleuten stattfinden. In solchen F\u00e4llen wird die Zustimmung des Nutzers eingeholt und \u00fcber die Identit\u00e4t des Partners sowie den Zweck der Zusammenarbeit informiert. Dies geschieht stets nach den strengsten Sicherheitsstandards.<\/p>\n\n\n\n<h2 class=\"wp-block-heading\">Inhalte von anderen Websites<\/h2>\n\n\n\n<p>Die Seiten dieser Website k\u00f6nnen eingebettete Inhalte enthalten (z. B. Videos, Bilder, Artikel usw.). Eingebettete Inhalte von anderen Websites verhalten sich genau so, als ob Sie die andere Website besucht h\u00e4tten.<\/p>\n\n\n\n<p>Diese Websites k\u00f6nnen Daten \u00fcber Sie sammeln, Cookies verwenden, zus\u00e4tzlichen Drittanbieter-Tracking-Code einbetten und Ihre Interaktion mithilfe dieses Codes \u00fcberwachen.<\/p>\n\n\n\n<h2 class=\"wp-block-heading\">Cookie-Richtlinien<\/h2>\n\n\n\n<p>Damit diese Website ordnungsgem\u00e4\u00df funktioniert, muss sie Cookies verwenden. Das sind Informationen, die in Ihrem Webbrowser gespeichert werden.<\/p>\n\n\n\n<p class=\"translation-block\">Alle Informationen zur Erfassung und Verarbeitung von Cookies finden Sie auf der Seite <a href=\"https:\/\/kolser.com\/de\/politica-de-cookies\/\" target=\"_self\">Cookie-Richtlinie<\/a>.<\/p>\n\n\n\n<h2 class=\"wp-block-heading\">Rechtsgrundlage f\u00fcr die Datenverarbeitung<\/h2>\n\n\n\n<p>Die Rechtsgrundlage f\u00fcr die Verarbeitung Ihrer Daten ist:<\/p>\n\n\n\n<ul class=\"wp-block-list\">\n<li>Die Einwilligung der betroffenen Person.<\/li>\n\n\n\n<li>Die Erf\u00fcllung eines Vertrags oder die Durchf\u00fchrung vorvertraglicher Ma\u00dfnahmen mit der betroffenen Person, um ein vom Inhaber erworbenes Produkt oder eine Dienstleistung bereitzustellen.<\/li>\n\n\n\n<li>Die Erf\u00fcllung gesetzlicher Verpflichtungen.<\/li>\n<\/ul>\n\n\n\n<h2 class=\"wp-block-heading\">Kategorien personenbezogener Daten<\/h2>\n\n\n\n<p>Die vom Inhaber verarbeiteten Kategorien personenbezogener Daten sind:<\/p>\n\n\n\n<ul class=\"wp-block-list\">\n<li>Identifikationsdaten.<\/li>\n\n\n\n<li>Es werden keine besonderen Kategorien personenbezogener Daten verarbeitet.<\/li>\n<\/ul>\n\n\n\n<h2 class=\"wp-block-heading\">Aufbewahrung personenbezogener Daten<\/h2>\n\n\n\n<p>Die dem Inhaber zur Verf\u00fcgung gestellten personenbezogenen Daten werden gespeichert, bis Sie deren L\u00f6schung beantragen.<\/p>\n\n\n\n<h2 class=\"wp-block-heading\">Empf\u00e4nger personenbezogener Daten<\/h2>\n\n\n\n<ul class=\"wp-block-list\">\n<li class=\"translation-block\">Brevo. 106 boulevard Haussmann. Postleitzahl: 75008 Paris.\nWeitere Informationen unter: <a href=\"https:\/\/www.brevo.com\/legal\/privacypolicy\/\" target=\"_blank\" rel=\"noreferrer noopener\">https:\/\/www.brevo.com\/legal\/privacypolicy\/<\/a><br>\nSendinblue SAS (Brevo) verarbeitet die Daten zum Zweck der Bereitstellung seiner E-Mail-Marketing-Dienste f\u00fcr den Inhaber.<\/li>\n\n\n\n<li class=\"translation-block\"><strong>Google Analytics<\/strong> ist ein Webanalysedienst der Google, Inc., einem Unternehmen aus Delaware mit Hauptsitz in 1600 Amphitheatre Parkway, Mountain View (Kalifornien), CA 94043, Vereinigte Staaten (\u201eGoogle\u201c).<br>\nGoogle Analytics verwendet \u201eCookies\u201c, Textdateien, die auf Ihrem Computer gespeichert werden, um dem Inhaber zu helfen, die Nutzung der Website durch die Nutzer zu analysieren. Die durch den Cookie erzeugten Informationen \u00fcber Ihre Nutzung der Website (einschlie\u00dflich Ihrer IP-Adresse) werden direkt an Google \u00fcbertragen und auf Servern in den Vereinigten Staaten gespeichert.<br>\nWeitere Informationen unter: https:\/\/analytics.google.com<\/li>\n<\/ul>\n\n\n\n<p class=\"translation-block\">Sie k\u00f6nnen einsehen, wie Google den Datenschutz in Bezug auf die Verwendung von Cookies und anderen Informationen verwaltet, auf der Seite Datenschutzrichtlinie von Google: <a target=\"_blank\" href=\"https:\/\/policies.google.com\/privacy?hl=es\" rel=\"noreferrer noopener\">https:\/\/policies.google.com\/privacy?hl=es<\/a><\/p>\n\n\n\n<p>Sie k\u00f6nnen auch eine Liste der von Google und seinen Partnern verwendeten Cookie-Typen sowie alle Informationen \u00fcber die Verwendung von Werbe-Cookies einsehen unter:<\/p>\n\n\n\n<ul class=\"wp-block-list\">\n<li><a href=\"https:\/\/policies.google.com\/technologies\/types?hl=es\" target=\"_blank\" rel=\"noreferrer noopener\">Von Google verwendete Cookie-Typen<\/a><\/li>\n\n\n\n<li><a href=\"https:\/\/policies.google.com\/technologies\/ads?hl=es\" target=\"_blank\" rel=\"noreferrer noopener\">Wie Google Cookies in der Werbung verwendet<\/a>.<\/li>\n<\/ul>\n\n\n\n<h2 class=\"wp-block-heading\">Web-Browsing<\/h2>\n\n\n\n<p>Beim Surfen auf der Website k\u00f6nnen nicht identifizierende Daten erhoben werden, darunter IP-Adresse, Geolokalisierung, ein Protokoll der Nutzung von Diensten und Websites, Surfgewohnheiten und andere Daten, die nicht zur Identifizierung verwendet werden k\u00f6nnen.<\/p>\n\n\n\n<p>Die Website nutzt folgende Analysedienste von Drittanbietern:<\/p>\n\n\n\n<ul class=\"wp-block-list\">\n<li>Google Analytics<\/li>\n<\/ul>\n\n\n\n<p>Der Inhaber verwendet die gewonnenen Informationen, um statistische Daten zu sammeln, Trends zu analysieren, die Website zu verwalten, Surfverhalten zu untersuchen und demografische Informationen zu erfassen.<\/p>\n\n\n\n<p>Der Inhaber ist nicht verantwortlich f\u00fcr die Verarbeitung personenbezogener Daten durch Websites, die Sie \u00fcber die verschiedenen Links auf der Website aufrufen k\u00f6nnen.<\/p>\n\n\n\n<h2 class=\"wp-block-heading\">Richtigkeit und Wahrhaftigkeit der personenbezogenen Daten<\/h2>\n\n\n\n<p>Sie verpflichten sich, dass die dem Inhaber bereitgestellten Daten korrekt, vollst\u00e4ndig, genau und aktuell sind und dass Sie diese ordnungsgem\u00e4\u00df auf dem neuesten Stand halten.<\/p>\n\n\n\n<p>Als Nutzer der Website sind Sie allein verantwortlich f\u00fcr die Richtigkeit und Wahrhaftigkeit der an die Website \u00fcbermittelten Daten und stellen den Inhaber diesbez\u00fcglich von jeglicher Haftung frei.<\/p>\n\n\n\n<h2 class=\"wp-block-heading\">Annahme und Einwilligung<\/h2>\n\n\n\n<p>Als Nutzer der Website erkl\u00e4ren Sie, dass Sie \u00fcber die Bedingungen zum Schutz personenbezogener Daten informiert wurden und der Verarbeitung dieser Daten durch den Inhaber in der in dieser Datenschutzerkl\u00e4rung beschriebenen Weise und zu den dort angegebenen Zwecken zustimmen.<\/p>\n\n\n\n<p>Um den Inhaber zu kontaktieren, einen Newsletter zu abonnieren oder Kommentare auf dieser Website zu hinterlassen, m\u00fcssen Sie diese Datenschutzerkl\u00e4rung akzeptieren.<\/p>\n\n\n\n<h2 class=\"wp-block-heading\">\u00c4nderungen der Datenschutzerkl\u00e4rung<\/h2>\n\n\n\n<p>Der Inhaber beh\u00e4lt sich das Recht vor, diese Datenschutzerkl\u00e4rung zu \u00e4ndern, um sie an neue Gesetze, Rechtsprechung oder Branchenpraktiken anzupassen.<\/p>\n\n\n\n<p>Diese Richtlinien bleiben in Kraft, bis sie durch andere ordnungsgem\u00e4\u00df ver\u00f6ffentlichte Richtlinien ersetzt werden.<\/p>","protected":false},"excerpt":{"rendered":"<p>El Titular le informa sobre su Pol\u00edtica de Privacidad respecto del tratamiento y protecci\u00f3n de los datos de car\u00e1cter personal de los usuarios y clientes que puedan ser recabados durante la navegaci\u00f3n, al comprar un producto o al contratar un servicio a trav\u00e9s del Sitio Web:&nbsp;https:\/\/kolser.com En este sentido, el Titular garantiza el cumplimiento de [&hellip;]<\/p>\n","protected":false},"author":1,"featured_media":0,"parent":0,"menu_order":0,"comment_status":"closed","ping_status":"closed","template":"","meta":{"footnotes":""},"class_list":["post-179","page","type-page","status-publish","hentry"],"yoast_head":"<!-- This site is optimized with the Yoast SEO plugin v27.1.1 - https:\/\/yoast.com\/product\/yoast-seo-wordpress\/ -->\n<title>Pol\u00edtica de Privacidad | R\u00e9plicas de Armas de Calidad - Kolser<\/title>\n<meta name=\"description\" content=\"Conoce la pol\u00edtica de privacidad de Kolser. Descubre c\u00f3mo protegemos tus datos y garantizamos su uso seguro y transparente. Lee m\u00e1s aqu\u00ed.\" \/>\n<meta name=\"robots\" content=\"noindex, nofollow\" \/>\n<meta property=\"og:locale\" content=\"de_DE\" \/>\n<meta property=\"og:type\" content=\"article\" \/>\n<meta property=\"og:title\" content=\"Pol\u00edtica de Privacidad | R\u00e9plicas de Armas de Calidad - Kolser\" \/>\n<meta property=\"og:description\" content=\"Conoce la pol\u00edtica de privacidad de Kolser. Descubre c\u00f3mo protegemos tus datos y garantizamos su uso seguro y transparente. Lee m\u00e1s aqu\u00ed.\" \/>\n<meta property=\"og:url\" content=\"https:\/\/kolser.com\/de\/politica-de-privacidad\/\" \/>\n<meta property=\"og:site_name\" content=\"Kolser\" \/>\n<meta property=\"article:modified_time\" content=\"2025-07-01T09:18:02+00:00\" \/>\n<meta name=\"twitter:card\" content=\"summary_large_image\" \/>\n<meta name=\"twitter:label1\" content=\"Gesch\u00e4tzte Lesezeit\" \/>\n\t<meta name=\"twitter:data1\" content=\"9\u00a0Minuten\" \/>\n<script type=\"application\/ld+json\" class=\"yoast-schema-graph\">{\"@context\":\"https:\/\/schema.org\",\"@graph\":[{\"@type\":\"WebPage\",\"@id\":\"https:\/\/kolser.com\/politica-de-privacidad\/\",\"url\":\"https:\/\/kolser.com\/politica-de-privacidad\/\",\"name\":\"Pol\u00edtica de Privacidad | R\u00e9plicas de Armas de Calidad - Kolser\",\"isPartOf\":{\"@id\":\"https:\/\/kolser.com\/#website\"},\"datePublished\":\"2021-11-22T15:06:24+00:00\",\"dateModified\":\"2025-07-01T09:18:02+00:00\",\"description\":\"Conoce la pol\u00edtica de privacidad de Kolser. Descubre c\u00f3mo protegemos tus datos y garantizamos su uso seguro y transparente. Lee m\u00e1s aqu\u00ed.\",\"breadcrumb\":{\"@id\":\"https:\/\/kolser.com\/politica-de-privacidad\/#breadcrumb\"},\"inLanguage\":\"de\",\"potentialAction\":[{\"@type\":\"ReadAction\",\"target\":[\"https:\/\/kolser.com\/politica-de-privacidad\/\"]}]},{\"@type\":\"BreadcrumbList\",\"@id\":\"https:\/\/kolser.com\/politica-de-privacidad\/#breadcrumb\",\"itemListElement\":[{\"@type\":\"ListItem\",\"position\":1,\"name\":\"Home\",\"item\":\"https:\/\/kolser.com\/\"},{\"@type\":\"ListItem\",\"position\":2,\"name\":\"Pol\u00edtica de Privacidad\"}]},{\"@type\":\"WebSite\",\"@id\":\"https:\/\/kolser.com\/#website\",\"url\":\"https:\/\/kolser.com\/\",\"name\":\"Kolser\",\"description\":\"\",\"publisher\":{\"@id\":\"https:\/\/kolser.com\/#organization\"},\"potentialAction\":[{\"@type\":\"SearchAction\",\"target\":{\"@type\":\"EntryPoint\",\"urlTemplate\":\"https:\/\/kolser.com\/?s={search_term_string}\"},\"query-input\":{\"@type\":\"PropertyValueSpecification\",\"valueRequired\":true,\"valueName\":\"search_term_string\"}}],\"inLanguage\":\"de\"},{\"@type\":\"Organization\",\"@id\":\"https:\/\/kolser.com\/#organization\",\"name\":\"Kolser\",\"url\":\"https:\/\/kolser.com\/\",\"logo\":{\"@type\":\"ImageObject\",\"inLanguage\":\"de\",\"@id\":\"https:\/\/kolser.com\/#\/schema\/logo\/image\/\",\"url\":\"https:\/\/kolser.com\/wp-content\/uploads\/2021\/11\/Logo-Cabecera.png\",\"contentUrl\":\"https:\/\/kolser.com\/wp-content\/uploads\/2021\/11\/Logo-Cabecera.png\",\"width\":979,\"height\":1358,\"caption\":\"Kolser\"},\"image\":{\"@id\":\"https:\/\/kolser.com\/#\/schema\/logo\/image\/\"}}]}<\/script>\n<!-- \/ Yoast SEO plugin. -->","yoast_head_json":{"title":"Pol\u00edtica de Privacidad | R\u00e9plicas de Armas de Calidad - Kolser","description":"Conoce la pol\u00edtica de privacidad de Kolser. Descubre c\u00f3mo protegemos tus datos y garantizamos su uso seguro y transparente. Lee m\u00e1s aqu\u00ed.","robots":{"index":"noindex","follow":"nofollow"},"og_locale":"de_DE","og_type":"article","og_title":"Pol\u00edtica de Privacidad | R\u00e9plicas de Armas de Calidad - Kolser","og_description":"Conoce la pol\u00edtica de privacidad de Kolser. Descubre c\u00f3mo protegemos tus datos y garantizamos su uso seguro y transparente. Lee m\u00e1s aqu\u00ed.","og_url":"https:\/\/kolser.com\/de\/politica-de-privacidad\/","og_site_name":"Kolser","article_modified_time":"2025-07-01T09:18:02+00:00","twitter_card":"summary_large_image","twitter_misc":{"Gesch\u00e4tzte Lesezeit":"9\u00a0Minuten"},"schema":{"@context":"https:\/\/schema.org","@graph":[{"@type":"WebPage","@id":"https:\/\/kolser.com\/politica-de-privacidad\/","url":"https:\/\/kolser.com\/politica-de-privacidad\/","name":"Pol\u00edtica de Privacidad | R\u00e9plicas de Armas de Calidad - Kolser","isPartOf":{"@id":"https:\/\/kolser.com\/#website"},"datePublished":"2021-11-22T15:06:24+00:00","dateModified":"2025-07-01T09:18:02+00:00","description":"Conoce la pol\u00edtica de privacidad de Kolser. Descubre c\u00f3mo protegemos tus datos y garantizamos su uso seguro y transparente. Lee m\u00e1s aqu\u00ed.","breadcrumb":{"@id":"https:\/\/kolser.com\/politica-de-privacidad\/#breadcrumb"},"inLanguage":"de","potentialAction":[{"@type":"ReadAction","target":["https:\/\/kolser.com\/politica-de-privacidad\/"]}]},{"@type":"BreadcrumbList","@id":"https:\/\/kolser.com\/politica-de-privacidad\/#breadcrumb","itemListElement":[{"@type":"ListItem","position":1,"name":"Home","item":"https:\/\/kolser.com\/"},{"@type":"ListItem","position":2,"name":"Pol\u00edtica de Privacidad"}]},{"@type":"WebSite","@id":"https:\/\/kolser.com\/#website","url":"https:\/\/kolser.com\/","name":"Kolser","description":"","publisher":{"@id":"https:\/\/kolser.com\/#organization"},"potentialAction":[{"@type":"SearchAction","target":{"@type":"EntryPoint","urlTemplate":"https:\/\/kolser.com\/?s={search_term_string}"},"query-input":{"@type":"PropertyValueSpecification","valueRequired":true,"valueName":"search_term_string"}}],"inLanguage":"de"},{"@type":"Organization","@id":"https:\/\/kolser.com\/#organization","name":"Kolser","url":"https:\/\/kolser.com\/","logo":{"@type":"ImageObject","inLanguage":"de","@id":"https:\/\/kolser.com\/#\/schema\/logo\/image\/","url":"https:\/\/kolser.com\/wp-content\/uploads\/2021\/11\/Logo-Cabecera.png","contentUrl":"https:\/\/kolser.com\/wp-content\/uploads\/2021\/11\/Logo-Cabecera.png","width":979,"height":1358,"caption":"Kolser"},"image":{"@id":"https:\/\/kolser.com\/#\/schema\/logo\/image\/"}}]}},"_links":{"self":[{"href":"https:\/\/kolser.com\/de\/wp-json\/wp\/v2\/pages\/179","targetHints":{"allow":["GET"]}}],"collection":[{"href":"https:\/\/kolser.com\/de\/wp-json\/wp\/v2\/pages"}],"about":[{"href":"https:\/\/kolser.com\/de\/wp-json\/wp\/v2\/types\/page"}],"author":[{"embeddable":true,"href":"https:\/\/kolser.com\/de\/wp-json\/wp\/v2\/users\/1"}],"replies":[{"embeddable":true,"href":"https:\/\/kolser.com\/de\/wp-json\/wp\/v2\/comments?post=179"}],"version-history":[{"count":12,"href":"https:\/\/kolser.com\/de\/wp-json\/wp\/v2\/pages\/179\/revisions"}],"predecessor-version":[{"id":18683,"href":"https:\/\/kolser.com\/de\/wp-json\/wp\/v2\/pages\/179\/revisions\/18683"}],"wp:attachment":[{"href":"https:\/\/kolser.com\/de\/wp-json\/wp\/v2\/media?parent=179"}],"curies":[{"name":"wp","href":"https:\/\/api.w.org\/{rel}","templated":true}]}}