{"id":178,"date":"2021-11-22T15:06:24","date_gmt":"2021-11-22T15:06:24","guid":{"rendered":"https:\/\/kolser.com\/aviso-legal\/"},"modified":"2025-07-01T08:34:44","modified_gmt":"2025-07-01T06:34:44","slug":"aviso-legal","status":"publish","type":"page","link":"https:\/\/kolser.com\/de\/aviso-legal\/","title":{"rendered":"Rechtliche Hinweise"},"content":{"rendered":"<h2 class=\"wp-block-heading\">Identifikation und Inhaberschaft<\/h2>\n\n\n\n<p>Gem\u00e4\u00df Artikel 10 des Gesetzes 34\/2002 vom 11. Juli \u00fcber Dienstleistungen der Informationsgesellschaft und des elektronischen Handels gibt der Inhaber folgende Identifikationsdaten bekannt:<\/p>\n\n\n\n<ul class=\"wp-block-list\">\n<li><strong>Inhaber:<\/strong>&nbsp; Kolser SL.<\/li>\n\n\n\n<li><strong>CIF:<\/strong>&nbsp;B07108970<\/li>\n\n\n\n<li><strong>Umsatzsteuer-Identifikationsnummer<\/strong>: ESB07108970<\/li>\n\n\n\n<li><strong>Anschrift:<\/strong>&nbsp; TRECADORS, 2 07750 FERRERIES., Baleares &#8211; Espa\u00f1a.<\/li>\n\n\n\n<li><strong>E-mail:<\/strong>&nbsp; marketing@kolser.com<\/li>\n\n\n\n<li><strong>Website:<\/strong>&nbsp;&nbsp;<a href=\"https:\/\/kolser.com\/de\/\">https:\/\/kolser.com<\/a><\/li>\n<\/ul>\n\n\n\n<h2 class=\"wp-block-heading\">Zweck<\/h2>\n\n\n\n<p>Der Zweck der Website ist: Reproduktion und Gro\u00dfhandel mit Nachbildungen historischer Waffen.<\/p>\n\n\n\n<h2 class=\"wp-block-heading\">Nutzungsbedingungen<\/h2>\n\n\n\n<p>Die Nutzung der Website verleiht Ihnen den Status eines Nutzers und bedeutet die vollst\u00e4ndige Akzeptanz aller Klauseln und Nutzungsbedingungen, die auf den folgenden Seiten enthalten sind:<\/p>\n\n\n\n<ul class=\"wp-block-list\">\n<li><a href=\"https:\/\/kolser.com\/de\/aviso-legal\/\">Rechtliche Hinweise<\/a><\/li>\n\n\n\n<li><a href=\"https:\/\/kolser.com\/de\/politica-de-privacidad\/\">Datenschutzerkl\u00e4rung<\/a><\/li>\n\n\n\n<li><a href=\"https:\/\/kolser.com\/de\/politica-de-cookies\/\">Cookie-Richtlinien<\/a><\/li>\n<\/ul>\n\n\n\n<p>Wenn Sie mit diesen Klauseln und Bedingungen nicht einverstanden sind, sehen Sie bitte von der Nutzung der Website ab.<\/p>\n\n\n\n<p>Der Zugriff auf die Website bedeutet in keinem Fall den Beginn einer Gesch\u00e4ftsbeziehung mit dem Inhaber.<\/p>\n\n\n\n<p>\u00dcber die Website erm\u00f6glicht der Inhaber den Zugang zu verschiedenen Inhalten, die der Inhaber und\/oder seine Mitarbeiter \u00fcber das Internet ver\u00f6ffentlicht haben.<\/p>\n\n\n\n<p>In diesem Zusammenhang verpflichten Sie sich, KEINE Inhalte der Website f\u00fcr Zwecke oder mit Wirkungen zu nutzen, die rechtswidrig sind, in diesem Impressum oder durch geltendes Recht verboten sind, die die Rechte und Interessen Dritter verletzen oder die in irgendeiner Weise die Inhalte, IT-Ausr\u00fcstung oder Dokumente, Dateien und alle Arten von Inhalten, die auf Ger\u00e4ten des Inhabers, anderer Nutzer oder eines beliebigen Internetnutzers gespeichert sind, besch\u00e4digen, unbrauchbar machen, \u00fcberlasten, verschlechtern oder deren normale Nutzung verhindern k\u00f6nnten.<\/p>\n\n\n\n<h2 class=\"wp-block-heading\">Sicherheitsma\u00dfnahmen<\/h2>\n\n\n\n<p>Die personenbezogenen Daten, die Sie dem Inhaber zur Verf\u00fcgung stellen, k\u00f6nnen in Datenbanken gespeichert werden \u2013 automatisiert oder nicht \u2013 die ausschlie\u00dflich dem Inhaber geh\u00f6ren. Der Inhaber ergreift alle technischen, organisatorischen und sicherheitsrelevanten Ma\u00dfnahmen, um die Vertraulichkeit, Integrit\u00e4t und Qualit\u00e4t der darin enthaltenen Informationen gem\u00e4\u00df den geltenden Datenschutzbestimmungen zu gew\u00e4hrleisten.<\/p>\n\n\n\n<p>Sie sollten jedoch beachten, dass die Sicherheitsma\u00dfnahmen von IT-Systemen im Internet nicht vollkommen zuverl\u00e4ssig sind. Daher kann der Inhaber nicht garantieren, dass keine Viren oder andere Elemente vorhanden sind, die Ver\u00e4nderungen an den IT-Systemen des Nutzers (Software und Hardware) oder an seinen elektronischen Dokumenten und Dateien verursachen k\u00f6nnten, obwohl der Inhaber alle erforderlichen Mittel einsetzt und die geeigneten Sicherheitsma\u00dfnahmen trifft, um das Vorhandensein solcher sch\u00e4dlichen Elemente zu verhindern.<\/p>\n\n\n\n<h2 class=\"wp-block-heading\">Verarbeitung personenbezogener Daten<\/h2>\n\n\n\n<p class=\"translation-block\">Alle Informationen zur Verarbeitung personenbezogener Daten durch den Inhaber finden Sie auf der <a href=\"https:\/\/kolser.com\/de\/politica-de-privacidad\/\" target=\"_self\">Seite Datenschutzrichtlinie<\/a>.<\/p>\n\n\n\n<h2 class=\"wp-block-heading\">Inhalte<\/h2>\n\n\n\n<p>Der Inhaber hat die Informationen, multimedialen Inhalte und Materialien auf der Website aus Quellen bezogen, die er als zuverl\u00e4ssig erachtet. Obwohl alle angemessenen Ma\u00dfnahmen ergriffen wurden, um sicherzustellen, dass die enthaltenen Informationen korrekt sind, \u00fcbernimmt der Inhaber keine Garantie f\u00fcr deren Richtigkeit, Vollst\u00e4ndigkeit oder Aktualit\u00e4t. Der Inhaber lehnt ausdr\u00fccklich jede Haftung f\u00fcr Fehler oder Auslassungen in den Informationen auf den Seiten der Website ab.<\/p>\n\n\n\n<p>Es ist verboten, \u00fcber die Website rechtswidrige oder illegale Inhalte, Computerviren oder Nachrichten zu \u00fcbermitteln oder zu senden, die allgemein die Rechte des Inhabers oder Dritter beeintr\u00e4chtigen oder verletzen k\u00f6nnten.<\/p>\n\n\n\n<p>Die Inhalte der Website dienen ausschlie\u00dflich Informationszwecken und d\u00fcrfen unter keinen Umst\u00e4nden als Verkaufsangebot, Aufforderung zur Abgabe eines Kaufangebots oder Empfehlung f\u00fcr andere Transaktionen verwendet oder betrachtet werden, es sei denn, dies wird ausdr\u00fccklich angegeben.<\/p>\n\n\n\n<p>Der Inhaber beh\u00e4lt sich das Recht vor, die Inhalte der Website, Links oder \u00fcber die Website erhaltene Informationen ohne vorherige Ank\u00fcndigung zu \u00e4ndern, auszusetzen, zu l\u00f6schen oder einzuschr\u00e4nken.<\/p>\n\n\n\n<p>Der Inhaber haftet nicht f\u00fcr Sch\u00e4den, die sich aus der Nutzung der Informationen auf der Website ergeben k\u00f6nnten.<\/p>\n\n\n\n<h2 class=\"wp-block-heading\">Cookie-Richtlinie<\/h2>\n\n\n\n<p class=\"translation-block\">Alle Informationen zur Erfassung und Verarbeitung von Cookies finden Sie auf der Seite <a href=\"https:\/\/kolser.com\/de\/politica-de-cookies\/\" target=\"_self\">Cookie-Richtlinie<\/a>.<\/p>\n\n\n\n<h2 class=\"wp-block-heading\">Links zu anderen Websites<\/h2>\n\n\n\n<p>Der Inhaber kann Ihnen den Zugang zu Websites Dritter \u00fcber Links erm\u00f6glichen, ausschlie\u00dflich um auf andere Informationsquellen im Internet hinzuweisen, \u00fcber die Sie die auf der Website angebotenen Daten erg\u00e4nzen k\u00f6nnen.<\/p>\n\n\n\n<p>Diese Links zu anderen Websites stellen in keinem Fall eine Empfehlung oder Aufforderung dar, die verlinkten Seiten zu besuchen. Diese liegen au\u00dferhalb der Kontrolle des Inhabers, weshalb der Inhaber nicht f\u00fcr den Inhalt der verlinkten Seiten oder f\u00fcr die Ergebnisse verantwortlich ist, die Sie durch das Folgen solcher Links erzielen. Ebenso ist der Inhaber nicht f\u00fcr Links verantwortlich, die sich auf den verlinkten Websites befinden, zu denen er Ihnen Zugang bietet.<\/p>\n\n\n\n<p>Das Setzen eines Links impliziert in keinem Fall das Bestehen einer Beziehung zwischen dem Inhaber und dem Eigent\u00fcmer der Website, auf der der Link eingerichtet ist, noch die Anerkennung oder Billigung von deren Inhalten oder Dienstleistungen durch den Inhaber.<\/p>\n\n\n\n<p>Wenn Sie \u00fcber einen Link auf dieser Website auf eine externe Website zugreifen, sollten Sie die Datenschutzrichtlinie dieser anderen Website lesen, die von der Datenschutzrichtlinie dieser Website abweichen kann.<\/p>\n\n\n\n<h2 class=\"wp-block-heading\">Geistiges und gewerbliches Eigentum<\/h2>\n\n\n\n<p>Alle Rechte vorbehalten.<\/p>\n\n\n\n<p>Der Zugriff auf diese Website unterliegt den folgenden Bedingungen: Die Vervielf\u00e4ltigung, dauerhafte Speicherung, Verbreitung der Inhalte oder jede andere Nutzung zu \u00f6ffentlichen oder kommerziellen Zwecken ist ausdr\u00fccklich untersagt, sofern keine vorherige ausdr\u00fcckliche schriftliche Genehmigung des Inhabers vorliegt.<\/p>\n\n\n\n<h2 class=\"wp-block-heading\">Haftungsbeschr\u00e4nkung<\/h2>\n\n\n\n<p>Die auf der Website enthaltenen oder \u00fcber sie verf\u00fcgbaren Informationen und Dienstleistungen k\u00f6nnen Ungenauigkeiten oder typografische Fehler enthalten. Der Inhaber nimmt regelm\u00e4\u00dfig Verbesserungen und\/oder \u00c4nderungen an den Informationen und\/oder Dienstleistungen vor und kann dies jederzeit tun.<\/p>\n\n\n\n<p>Der Inhaber \u00fcbernimmt keine Gew\u00e4hr daf\u00fcr, dass die Dienste oder Inhalte unterbrechungsfrei oder fehlerfrei sind, dass M\u00e4ngel behoben werden oder dass der Dienst oder der Server, der ihn zur Verf\u00fcgung stellt, frei von Viren oder anderen sch\u00e4dlichen Komponenten ist, obwohl der Inhaber alle Anstrengungen unternimmt, um solche Vorf\u00e4lle zu vermeiden.<\/p>\n\n\n\n<p>Der Inhaber lehnt jede Haftung f\u00fcr Unterbrechungen oder Fehlfunktionen der \u00fcber das Internet angebotenen Dienste oder Inhalte ab, unabh\u00e4ngig von deren Ursache. Ebenso haftet der Inhaber nicht f\u00fcr Netzausf\u00e4lle, Gesch\u00e4ftsverluste infolge solcher Ausf\u00e4lle, vor\u00fcbergehende Stromausf\u00e4lle oder andere indirekte Sch\u00e4den, die aus Gr\u00fcnden au\u00dferhalb des Einflussbereichs des Inhabers verursacht werden.<\/p>\n\n\n\n<p>Bevor Sie Entscheidungen treffen und\/oder Ma\u00dfnahmen auf der Grundlage der auf der Website enthaltenen Informationen ergreifen, empfiehlt der Inhaber, die erhaltenen Informationen mit anderen Quellen zu \u00fcberpr\u00fcfen und abzugleichen.<\/p>\n\n\n\n<h2 class=\"wp-block-heading\">Gerichtsbarkeit<\/h2>\n\n\n\n<p>Dieses Impressum unterliegt vollst\u00e4ndig dem spanischen Recht.<\/p>\n\n\n\n<h2 class=\"wp-block-heading\">Kontakt<\/h2>\n\n\n\n<p>Wenn Sie Fragen zu diesem Impressum haben oder einen Kommentar zur Website abgeben m\u00f6chten, k\u00f6nnen Sie eine E-Mail an folgende Adresse senden: marketing@kolser.com<\/p>","protected":false},"excerpt":{"rendered":"<p>Identificaci\u00f3n y Titularidad En cumplimiento del art\u00edculo 10 de la Ley 34\/2002, de 11 de julio, de Servicios de la Sociedad de la Informaci\u00f3n y Comercio Electr\u00f3nico, el Titular expone sus datos identificativos: Finalidad La finalidad del Sitio Web es: Reproducci\u00f3n y venta al mayor de r\u00e9plicas de armas antiguas. Condiciones de Uso La utilizaci\u00f3n [&hellip;]<\/p>\n","protected":false},"author":1,"featured_media":0,"parent":0,"menu_order":0,"comment_status":"closed","ping_status":"closed","template":"","meta":{"footnotes":""},"class_list":["post-178","page","type-page","status-publish","hentry"],"yoast_head":"<!-- This site is optimized with the Yoast SEO plugin v27.1.1 - https:\/\/yoast.com\/product\/yoast-seo-wordpress\/ -->\n<title>Aviso Legal | R\u00e9plicas de Armas de Calidad - Kolser<\/title>\n<meta name=\"robots\" content=\"noindex, follow\" \/>\n<meta property=\"og:locale\" content=\"de_DE\" \/>\n<meta property=\"og:type\" content=\"article\" \/>\n<meta property=\"og:title\" content=\"Aviso Legal | R\u00e9plicas de Armas de Calidad - Kolser\" \/>\n<meta property=\"og:description\" content=\"Identificaci\u00f3n y Titularidad En cumplimiento del art\u00edculo 10 de la Ley 34\/2002, de 11 de julio, de Servicios de la Sociedad de la Informaci\u00f3n y Comercio Electr\u00f3nico, el Titular expone sus datos identificativos: Finalidad La finalidad del Sitio Web es: Reproducci\u00f3n y venta al mayor de r\u00e9plicas de armas antiguas. Condiciones de Uso La utilizaci\u00f3n [&hellip;]\" \/>\n<meta property=\"og:url\" content=\"https:\/\/kolser.com\/de\/aviso-legal\/\" \/>\n<meta property=\"og:site_name\" content=\"Kolser\" \/>\n<meta property=\"article:modified_time\" content=\"2025-07-01T06:34:44+00:00\" \/>\n<meta name=\"twitter:card\" content=\"summary_large_image\" \/>\n<meta name=\"twitter:label1\" content=\"Gesch\u00e4tzte Lesezeit\" \/>\n\t<meta name=\"twitter:data1\" content=\"6\u00a0Minuten\" \/>\n<script type=\"application\/ld+json\" class=\"yoast-schema-graph\">{\"@context\":\"https:\/\/schema.org\",\"@graph\":[{\"@type\":\"WebPage\",\"@id\":\"https:\/\/kolser.com\/aviso-legal\/\",\"url\":\"https:\/\/kolser.com\/aviso-legal\/\",\"name\":\"Aviso Legal | R\u00e9plicas de Armas de Calidad - Kolser\",\"isPartOf\":{\"@id\":\"https:\/\/kolser.com\/#website\"},\"datePublished\":\"2021-11-22T15:06:24+00:00\",\"dateModified\":\"2025-07-01T06:34:44+00:00\",\"breadcrumb\":{\"@id\":\"https:\/\/kolser.com\/aviso-legal\/#breadcrumb\"},\"inLanguage\":\"de\",\"potentialAction\":[{\"@type\":\"ReadAction\",\"target\":[\"https:\/\/kolser.com\/aviso-legal\/\"]}]},{\"@type\":\"BreadcrumbList\",\"@id\":\"https:\/\/kolser.com\/aviso-legal\/#breadcrumb\",\"itemListElement\":[{\"@type\":\"ListItem\",\"position\":1,\"name\":\"Home\",\"item\":\"https:\/\/kolser.com\/\"},{\"@type\":\"ListItem\",\"position\":2,\"name\":\"Aviso Legal\"}]},{\"@type\":\"WebSite\",\"@id\":\"https:\/\/kolser.com\/#website\",\"url\":\"https:\/\/kolser.com\/\",\"name\":\"Kolser\",\"description\":\"\",\"publisher\":{\"@id\":\"https:\/\/kolser.com\/#organization\"},\"potentialAction\":[{\"@type\":\"SearchAction\",\"target\":{\"@type\":\"EntryPoint\",\"urlTemplate\":\"https:\/\/kolser.com\/?s={search_term_string}\"},\"query-input\":{\"@type\":\"PropertyValueSpecification\",\"valueRequired\":true,\"valueName\":\"search_term_string\"}}],\"inLanguage\":\"de\"},{\"@type\":\"Organization\",\"@id\":\"https:\/\/kolser.com\/#organization\",\"name\":\"Kolser\",\"url\":\"https:\/\/kolser.com\/\",\"logo\":{\"@type\":\"ImageObject\",\"inLanguage\":\"de\",\"@id\":\"https:\/\/kolser.com\/#\/schema\/logo\/image\/\",\"url\":\"https:\/\/kolser.com\/wp-content\/uploads\/2021\/11\/Logo-Cabecera.png\",\"contentUrl\":\"https:\/\/kolser.com\/wp-content\/uploads\/2021\/11\/Logo-Cabecera.png\",\"width\":979,\"height\":1358,\"caption\":\"Kolser\"},\"image\":{\"@id\":\"https:\/\/kolser.com\/#\/schema\/logo\/image\/\"}}]}<\/script>\n<!-- \/ Yoast SEO plugin. -->","yoast_head_json":{"title":"Aviso Legal | R\u00e9plicas de Armas de Calidad - Kolser","robots":{"index":"noindex","follow":"follow"},"og_locale":"de_DE","og_type":"article","og_title":"Aviso Legal | R\u00e9plicas de Armas de Calidad - Kolser","og_description":"Identificaci\u00f3n y Titularidad En cumplimiento del art\u00edculo 10 de la Ley 34\/2002, de 11 de julio, de Servicios de la Sociedad de la Informaci\u00f3n y Comercio Electr\u00f3nico, el Titular expone sus datos identificativos: Finalidad La finalidad del Sitio Web es: Reproducci\u00f3n y venta al mayor de r\u00e9plicas de armas antiguas. Condiciones de Uso La utilizaci\u00f3n [&hellip;]","og_url":"https:\/\/kolser.com\/de\/aviso-legal\/","og_site_name":"Kolser","article_modified_time":"2025-07-01T06:34:44+00:00","twitter_card":"summary_large_image","twitter_misc":{"Gesch\u00e4tzte Lesezeit":"6\u00a0Minuten"},"schema":{"@context":"https:\/\/schema.org","@graph":[{"@type":"WebPage","@id":"https:\/\/kolser.com\/aviso-legal\/","url":"https:\/\/kolser.com\/aviso-legal\/","name":"Aviso Legal | R\u00e9plicas de Armas de Calidad - Kolser","isPartOf":{"@id":"https:\/\/kolser.com\/#website"},"datePublished":"2021-11-22T15:06:24+00:00","dateModified":"2025-07-01T06:34:44+00:00","breadcrumb":{"@id":"https:\/\/kolser.com\/aviso-legal\/#breadcrumb"},"inLanguage":"de","potentialAction":[{"@type":"ReadAction","target":["https:\/\/kolser.com\/aviso-legal\/"]}]},{"@type":"BreadcrumbList","@id":"https:\/\/kolser.com\/aviso-legal\/#breadcrumb","itemListElement":[{"@type":"ListItem","position":1,"name":"Home","item":"https:\/\/kolser.com\/"},{"@type":"ListItem","position":2,"name":"Aviso Legal"}]},{"@type":"WebSite","@id":"https:\/\/kolser.com\/#website","url":"https:\/\/kolser.com\/","name":"Kolser","description":"","publisher":{"@id":"https:\/\/kolser.com\/#organization"},"potentialAction":[{"@type":"SearchAction","target":{"@type":"EntryPoint","urlTemplate":"https:\/\/kolser.com\/?s={search_term_string}"},"query-input":{"@type":"PropertyValueSpecification","valueRequired":true,"valueName":"search_term_string"}}],"inLanguage":"de"},{"@type":"Organization","@id":"https:\/\/kolser.com\/#organization","name":"Kolser","url":"https:\/\/kolser.com\/","logo":{"@type":"ImageObject","inLanguage":"de","@id":"https:\/\/kolser.com\/#\/schema\/logo\/image\/","url":"https:\/\/kolser.com\/wp-content\/uploads\/2021\/11\/Logo-Cabecera.png","contentUrl":"https:\/\/kolser.com\/wp-content\/uploads\/2021\/11\/Logo-Cabecera.png","width":979,"height":1358,"caption":"Kolser"},"image":{"@id":"https:\/\/kolser.com\/#\/schema\/logo\/image\/"}}]}},"_links":{"self":[{"href":"https:\/\/kolser.com\/de\/wp-json\/wp\/v2\/pages\/178","targetHints":{"allow":["GET"]}}],"collection":[{"href":"https:\/\/kolser.com\/de\/wp-json\/wp\/v2\/pages"}],"about":[{"href":"https:\/\/kolser.com\/de\/wp-json\/wp\/v2\/types\/page"}],"author":[{"embeddable":true,"href":"https:\/\/kolser.com\/de\/wp-json\/wp\/v2\/users\/1"}],"replies":[{"embeddable":true,"href":"https:\/\/kolser.com\/de\/wp-json\/wp\/v2\/comments?post=178"}],"version-history":[{"count":4,"href":"https:\/\/kolser.com\/de\/wp-json\/wp\/v2\/pages\/178\/revisions"}],"predecessor-version":[{"id":18680,"href":"https:\/\/kolser.com\/de\/wp-json\/wp\/v2\/pages\/178\/revisions\/18680"}],"wp:attachment":[{"href":"https:\/\/kolser.com\/de\/wp-json\/wp\/v2\/media?parent=178"}],"curies":[{"name":"wp","href":"https:\/\/api.w.org\/{rel}","templated":true}]}}